{"id":381,"date":"2021-08-23T02:10:02","date_gmt":"2021-08-23T05:10:02","guid":{"rendered":"https:\/\/flordabella.com\/index.php\/about\/"},"modified":"2023-08-01T17:05:10","modified_gmt":"2023-08-01T20:05:10","slug":"sobre","status":"publish","type":"page","link":"https:\/\/flordabella.com\/index.php\/sobre\/","title":{"rendered":"Sobre"},"content":{"rendered":"\t\t<div data-elementor-type=\"wp-page\" data-elementor-id=\"381\" class=\"elementor elementor-381\">\n\t\t\t\t\t\t<section class=\"elementor-section elementor-top-section elementor-element elementor-element-5968261 elementor-section-boxed elementor-section-height-default elementor-section-height-default\" data-id=\"5968261\" data-element_type=\"section\" data-e-type=\"section\" data-settings=\"{&quot;background_background&quot;:&quot;classic&quot;}\">\n\t\t\t\t\t\t\t<div class=\"elementor-background-overlay\"><\/div>\n\t\t\t\t\t\t\t<div class=\"elementor-container elementor-column-gap-no\">\n\t\t\t\t\t<div class=\"elementor-column elementor-col-100 elementor-top-column elementor-element elementor-element-c024d11\" data-id=\"c024d11\" data-element_type=\"column\" data-e-type=\"column\">\n\t\t\t<div class=\"elementor-widget-wrap elementor-element-populated\">\n\t\t\t\t\t\t<div class=\"elementor-element elementor-element-32a39d1 elementor-widget elementor-widget-heading\" data-id=\"32a39d1\" data-element_type=\"widget\" data-e-type=\"widget\" data-widget_type=\"heading.default\">\n\t\t\t\t<div class=\"elementor-widget-container\">\n\t\t\t\t\t<h1 class=\"elementor-heading-title elementor-size-default\">Sobre N\u00f3s<\/h1>\t\t\t\t<\/div>\n\t\t\t\t<\/div>\n\t\t\t\t<div class=\"elementor-element elementor-element-61b752d elementor-widget elementor-widget-text-editor\" data-id=\"61b752d\" data-element_type=\"widget\" data-e-type=\"widget\" data-widget_type=\"text-editor.default\">\n\t\t\t\t<div class=\"elementor-widget-container\">\n\t\t\t\t\t\t\t\t\t<p>Somos uma empresa dedicada ao mercado de moda feminina. A moda feminina \u00e9 uma express\u00e3o vers\u00e1til da identidade e estilo das mulheres, abrangendo tend\u00eancias que variam desde o cl\u00e1ssico e elegante at\u00e9 o contempor\u00e2neo e ousado. Combinando pe\u00e7as atemporais e inova\u00e7\u00f5es modernas, a moda feminina oferece um leque diversificado de op\u00e7\u00f5es para todas as ocasi\u00f5es.<\/p>\t\t\t\t\t\t\t\t<\/div>\n\t\t\t\t<\/div>\n\t\t\t\t<div class=\"elementor-element elementor-element-c10a498 elementor-widget-divider--view-line elementor-widget elementor-widget-divider\" data-id=\"c10a498\" data-element_type=\"widget\" data-e-type=\"widget\" data-widget_type=\"divider.default\">\n\t\t\t\t<div class=\"elementor-widget-container\">\n\t\t\t\t\t\t\t<div class=\"elementor-divider\">\n\t\t\t<span class=\"elementor-divider-separator\">\n\t\t\t\t\t\t<\/span>\n\t\t<\/div>\n\t\t\t\t\t\t<\/div>\n\t\t\t\t<\/div>\n\t\t\t\t\t<\/div>\n\t\t<\/div>\n\t\t\t\t\t<\/div>\n\t\t<\/section>\n\t\t\t\t<section class=\"elementor-section elementor-top-section elementor-element elementor-element-658d37d elementor-section-boxed elementor-section-height-default elementor-section-height-default\" data-id=\"658d37d\" data-element_type=\"section\" data-e-type=\"section\">\n\t\t\t\t\t\t<div class=\"elementor-container elementor-column-gap-no\">\n\t\t\t\t\t<div class=\"elementor-column elementor-col-50 elementor-top-column elementor-element elementor-element-a4d0abe\" data-id=\"a4d0abe\" data-element_type=\"column\" data-e-type=\"column\">\n\t\t\t<div class=\"elementor-widget-wrap elementor-element-populated\">\n\t\t\t\t\t\t<div class=\"elementor-element elementor-element-74114c2 elementor-widget elementor-widget-image\" data-id=\"74114c2\" data-element_type=\"widget\" data-e-type=\"widget\" data-widget_type=\"image.default\">\n\t\t\t\t<div class=\"elementor-widget-container\">\n\t\t\t\t\t\t\t\t\t\t\t\t\t\t\t<img fetchpriority=\"high\" decoding=\"async\" width=\"500\" height=\"353\" src=\"https:\/\/flordabella.com\/wp-content\/uploads\/2023\/07\/cropped-LOGOTIPO-SEM-FUNDO-1-120x85.png\" class=\"attachment-full size-full wp-image-1136\" alt=\"\" srcset=\"https:\/\/flordabella.com\/wp-content\/uploads\/2023\/07\/cropped-LOGOTIPO-SEM-FUNDO-1.png 500w, https:\/\/flordabella.com\/wp-content\/uploads\/2023\/07\/cropped-LOGOTIPO-SEM-FUNDO-1-300x212.png 300w, https:\/\/flordabella.com\/wp-content\/uploads\/2023\/07\/cropped-LOGOTIPO-SEM-FUNDO-1-120x85.png 120w\" sizes=\"(max-width: 500px) 100vw, 500px\" \/>\t\t\t\t\t\t\t\t\t\t\t\t\t\t\t<\/div>\n\t\t\t\t<\/div>\n\t\t\t\t\t<\/div>\n\t\t<\/div>\n\t\t\t\t<div class=\"elementor-column elementor-col-50 elementor-top-column elementor-element elementor-element-2a3590d\" data-id=\"2a3590d\" data-element_type=\"column\" data-e-type=\"column\">\n\t\t\t<div class=\"elementor-widget-wrap elementor-element-populated\">\n\t\t\t\t\t\t<div class=\"elementor-element elementor-element-aa8df5f elementor-widget elementor-widget-heading\" data-id=\"aa8df5f\" data-element_type=\"widget\" data-e-type=\"widget\" data-widget_type=\"heading.default\">\n\t\t\t\t<div class=\"elementor-widget-container\">\n\t\t\t\t\t<h6 class=\"elementor-heading-title elementor-size-default\">Flor da Bella<\/h6>\t\t\t\t<\/div>\n\t\t\t\t<\/div>\n\t\t\t\t<div class=\"elementor-element elementor-element-b881deb elementor-widget__width-auto elementor-view-default elementor-widget elementor-widget-icon\" data-id=\"b881deb\" data-element_type=\"widget\" data-e-type=\"widget\" data-widget_type=\"icon.default\">\n\t\t\t\t<div class=\"elementor-widget-container\">\n\t\t\t\t\t\t\t<div class=\"elementor-icon-wrapper\">\n\t\t\t<div class=\"elementor-icon\">\n\t\t\t<svg xmlns=\"http:\/\/www.w3.org\/2000\/svg\" width=\"67\" height=\"49\" viewBox=\"0 0 67 49\" fill=\"none\"><path d=\"M15.9996 48.4C10.9329 48.4 7.06628 46.8667 4.39961 43.8C1.86628 40.7333 0.599609 36.4667 0.599609 31C0.599609 25.8 1.53294 21.4 3.39961 17.8C5.26628 14.2 7.53294 11.2 10.1996 8.80001C12.9996 6.40001 15.7329 4.53334 18.3996 3.20001C21.1996 1.73333 23.5329 0.666666 25.3996 0L27.7996 5C25.5329 5.93333 23.1329 7.2 20.5996 8.80001C18.0663 10.4 15.8663 12.6667 13.9996 15.6C12.2663 18.4 11.3996 22.3333 11.3996 27.4C12.4663 26.8667 13.4663 26.5333 14.3996 26.4C15.3329 26.2667 16.3329 26.2 17.3996 26.2C21.2663 26.2 24.0663 27.2667 25.7996 29.4C27.6663 31.5333 28.5996 34 28.5996 36.8C28.5996 40 27.4663 42.7333 25.1996 45C23.0663 47.2667 19.9996 48.4 15.9996 48.4ZM53.9996 48.4C48.9329 48.4 45.0663 46.8667 42.3996 43.8C39.8663 40.7333 38.5996 36.4667 38.5996 31C38.5996 25.8 39.5329 21.4 41.3996 17.8C43.2663 14.2 45.5329 11.2 48.1996 8.80001C50.9996 6.40001 53.7329 4.53334 56.3996 3.20001C59.1996 1.73333 61.5329 0.666666 63.3996 0L65.7996 5C63.5329 5.93333 61.1329 7.2 58.5996 8.80001C56.0663 10.4 53.8663 12.6667 51.9996 15.6C50.2663 18.4 49.3996 22.3333 49.3996 27.4C50.4663 26.8667 51.4663 26.5333 52.3996 26.4C53.3329 26.2667 54.3329 26.2 55.3996 26.2C59.2663 26.2 62.0663 27.2667 63.7996 29.4C65.6663 31.5333 66.5996 34 66.5996 36.8C66.5996 40 65.4663 42.7333 63.1996 45C61.0663 47.2667 57.9996 48.4 53.9996 48.4Z\" fill=\"#27272A\"><\/path><\/svg>\t\t\t<\/div>\n\t\t<\/div>\n\t\t\t\t\t\t<\/div>\n\t\t\t\t<\/div>\n\t\t\t\t<div class=\"elementor-element elementor-element-c7d682d elementor-widget elementor-widget-testimonial\" data-id=\"c7d682d\" data-element_type=\"widget\" data-e-type=\"widget\" data-widget_type=\"testimonial.default\">\n\t\t\t\t<div class=\"elementor-widget-container\">\n\t\t\t\t\t\t\t<div class=\"elementor-testimonial-wrapper\">\n\t\t\t\t\t\t\t<div class=\"elementor-testimonial-content\">Uma roupa fica bonita em uma mulher quando reflete sua confian\u00e7a e personalidade, real\u00e7ando sua beleza natural de forma elegante e confort\u00e1vel.<\/div>\n\t\t\t\n\t\t\t\t\t\t<div class=\"elementor-testimonial-meta\">\n\t\t\t\t<div class=\"elementor-testimonial-meta-inner\">\n\t\t\t\t\t\n\t\t\t\t\t\t\t\t\t\t<div class=\"elementor-testimonial-details\">\n\t\t\t\t\t\t\t\t\t\t\t\t\t\t<div class=\"elementor-testimonial-name\">Isabela<\/div>\n\t\t\t\t\t\t\t\t\t\t\t\t\t\t\t\t\t\t\t\t\t\t<div class=\"elementor-testimonial-job\">Proprietaria<\/div>\n\t\t\t\t\t\t\t\t\t\t\t\t\t<\/div>\n\t\t\t\t\t\t\t\t\t<\/div>\n\t\t\t<\/div>\n\t\t\t\t\t<\/div>\n\t\t\t\t\t\t<\/div>\n\t\t\t\t<\/div>\n\t\t\t\t<div class=\"elementor-element elementor-element-e0afb77 elementor-widget-divider--view-line elementor-widget elementor-widget-divider\" data-id=\"e0afb77\" data-element_type=\"widget\" data-e-type=\"widget\" data-widget_type=\"divider.default\">\n\t\t\t\t<div class=\"elementor-widget-container\">\n\t\t\t\t\t\t\t<div class=\"elementor-divider\">\n\t\t\t<span class=\"elementor-divider-separator\">\n\t\t\t\t\t\t<\/span>\n\t\t<\/div>\n\t\t\t\t\t\t<\/div>\n\t\t\t\t<\/div>\n\t\t\t\t<div class=\"elementor-element elementor-element-c6eb05c elementor-widget elementor-widget-heading\" data-id=\"c6eb05c\" data-element_type=\"widget\" data-e-type=\"widget\" data-widget_type=\"heading.default\">\n\t\t\t\t<div class=\"elementor-widget-container\">\n\t\t\t\t\t<h6 class=\"elementor-heading-title elementor-size-default\">M\u00eddias Sociais<\/h6>\t\t\t\t<\/div>\n\t\t\t\t<\/div>\n\t\t\t\t<div class=\"elementor-element elementor-element-6e17c59 e-grid-align-left elementor-shape-rounded elementor-grid-0 elementor-widget elementor-widget-social-icons\" data-id=\"6e17c59\" data-element_type=\"widget\" data-e-type=\"widget\" data-widget_type=\"social-icons.default\">\n\t\t\t\t<div class=\"elementor-widget-container\">\n\t\t\t\t\t\t\t<div class=\"elementor-social-icons-wrapper elementor-grid\" role=\"list\">\n\t\t\t\t\t\t\t<span class=\"elementor-grid-item\" role=\"listitem\">\n\t\t\t\t\t<a class=\"elementor-icon elementor-social-icon elementor-social-icon-instagram elementor-repeater-item-572f217\" href=\"https:\/\/www.instagram.com\/flordabellamodafeminina\/?igshid=MzRlODBiNWFlZA%3D%3D\" target=\"_blank\">\n\t\t\t\t\t\t<span class=\"elementor-screen-only\">Instagram<\/span>\n\t\t\t\t\t\t<i aria-hidden=\"true\" class=\"fab fa-instagram\"><\/i>\t\t\t\t\t<\/a>\n\t\t\t\t<\/span>\n\t\t\t\t\t\t\t<span class=\"elementor-grid-item\" role=\"listitem\">\n\t\t\t\t\t<a class=\"elementor-icon elementor-social-icon elementor-social-icon-facebook elementor-repeater-item-35e46af\" href=\"https:\/\/www.facebook.com\/profile.php?id=100094338842175\" target=\"_blank\">\n\t\t\t\t\t\t<span class=\"elementor-screen-only\">Facebook<\/span>\n\t\t\t\t\t\t<i aria-hidden=\"true\" class=\"fab fa-facebook\"><\/i>\t\t\t\t\t<\/a>\n\t\t\t\t<\/span>\n\t\t\t\t\t<\/div>\n\t\t\t\t\t\t<\/div>\n\t\t\t\t<\/div>\n\t\t\t\t\t<\/div>\n\t\t<\/div>\n\t\t\t\t\t<\/div>\n\t\t<\/section>\n\t\t\t\t<\/div>\n\t\t","protected":false},"excerpt":{"rendered":"<p>Sobre N\u00f3s Somos uma empresa dedicada ao mercado de moda feminina. A moda feminina \u00e9 uma express\u00e3o vers\u00e1til da identidade e estilo das mulheres, abrangendo tend\u00eancias que variam desde o cl\u00e1ssico e elegante at\u00e9 o contempor\u00e2neo e ousado. Combinando pe\u00e7as atemporais e inova\u00e7\u00f5es modernas, a moda feminina oferece um leque diversificado de op\u00e7\u00f5es para todas [&hellip;]<\/p>\n","protected":false},"author":1,"featured_media":0,"parent":0,"menu_order":0,"comment_status":"closed","ping_status":"closed","template":"","meta":{"site-sidebar-layout":"no-sidebar","site-content-layout":"page-builder","ast-site-content-layout":"default","site-content-style":"default","site-sidebar-style":"default","ast-global-header-display":"","ast-banner-title-visibility":"","ast-main-header-display":"","ast-hfb-above-header-display":"","ast-hfb-below-header-display":"","ast-hfb-mobile-header-display":"","site-post-title":"disabled","ast-breadcrumbs-content":"disabled","ast-featured-img":"disabled","footer-sml-layout":"","ast-disable-related-posts":"","theme-transparent-header-meta":"enabled","adv-header-id-meta":"","stick-header-meta":"","header-above-stick-meta":"","header-main-stick-meta":"","header-below-stick-meta":"","astra-migrate-meta-layouts":"default","ast-page-background-enabled":"default","ast-page-background-meta":{"desktop":{"background-color":"var(--ast-global-color-4)","background-image":"","background-repeat":"repeat","background-position":"center center","background-size":"auto","background-attachment":"scroll","background-type":"","background-media":"","overlay-type":"","overlay-color":"","overlay-opacity":"","overlay-gradient":""},"tablet":{"background-color":"","background-image":"","background-repeat":"repeat","background-position":"center center","background-size":"auto","background-attachment":"scroll","background-type":"","background-media":"","overlay-type":"","overlay-color":"","overlay-opacity":"","overlay-gradient":""},"mobile":{"background-color":"","background-image":"","background-repeat":"repeat","background-position":"center center","background-size":"auto","background-attachment":"scroll","background-type":"","background-media":"","overlay-type":"","overlay-color":"","overlay-opacity":"","overlay-gradient":""}},"ast-content-background-meta":{"desktop":{"background-color":"var(--ast-global-color-5)","background-image":"","background-repeat":"repeat","background-position":"center center","background-size":"auto","background-attachment":"scroll","background-type":"","background-media":"","overlay-type":"","overlay-color":"","overlay-opacity":"","overlay-gradient":""},"tablet":{"background-color":"var(--ast-global-color-5)","background-image":"","background-repeat":"repeat","background-position":"center center","background-size":"auto","background-attachment":"scroll","background-type":"","background-media":"","overlay-type":"","overlay-color":"","overlay-opacity":"","overlay-gradient":""},"mobile":{"background-color":"var(--ast-global-color-5)","background-image":"","background-repeat":"repeat","background-position":"center center","background-size":"auto","background-attachment":"scroll","background-type":"","background-media":"","overlay-type":"","overlay-color":"","overlay-opacity":"","overlay-gradient":""}},"footnotes":""},"class_list":["post-381","page","type-page","status-publish","hentry"],"_links":{"self":[{"href":"https:\/\/flordabella.com\/index.php\/wp-json\/wp\/v2\/pages\/381","targetHints":{"allow":["GET"]}}],"collection":[{"href":"https:\/\/flordabella.com\/index.php\/wp-json\/wp\/v2\/pages"}],"about":[{"href":"https:\/\/flordabella.com\/index.php\/wp-json\/wp\/v2\/types\/page"}],"author":[{"embeddable":true,"href":"https:\/\/flordabella.com\/index.php\/wp-json\/wp\/v2\/users\/1"}],"replies":[{"embeddable":true,"href":"https:\/\/flordabella.com\/index.php\/wp-json\/wp\/v2\/comments?post=381"}],"version-history":[{"count":14,"href":"https:\/\/flordabella.com\/index.php\/wp-json\/wp\/v2\/pages\/381\/revisions"}],"predecessor-version":[{"id":1255,"href":"https:\/\/flordabella.com\/index.php\/wp-json\/wp\/v2\/pages\/381\/revisions\/1255"}],"wp:attachment":[{"href":"https:\/\/flordabella.com\/index.php\/wp-json\/wp\/v2\/media?parent=381"}],"curies":[{"name":"wp","href":"https:\/\/api.w.org\/{rel}","templated":true}]}}